{"id":325,"date":"2025-05-27T19:42:14","date_gmt":"2025-05-27T19:42:14","guid":{"rendered":"https:\/\/beetclean.ly\/?post_type=product&#038;p=325"},"modified":"2025-05-27T19:43:03","modified_gmt":"2025-05-27T19:43:03","slug":"%d9%83%d9%88%d9%84%d8%ac%d9%8a%d8%aa-%d8%ab%d9%84%d8%a7%d8%ab%d9%8a-%d8%a7%d9%84%d9%81%d8%b9%d8%a7%d9%84%d9%8a%d8%a9-%d9%84%d9%86%d8%b8%d8%a7%d9%81%d8%a9-%d9%88%d8%a7%d9%86%d8%aa%d8%b9%d8%a7","status":"publish","type":"product","link":"https:\/\/beetclean.ly\/?product=%d9%83%d9%88%d9%84%d8%ac%d9%8a%d8%aa-%d8%ab%d9%84%d8%a7%d8%ab%d9%8a-%d8%a7%d9%84%d9%81%d8%b9%d8%a7%d9%84%d9%8a%d8%a9-%d9%84%d9%86%d8%b8%d8%a7%d9%81%d8%a9-%d9%88%d8%a7%d9%86%d8%aa%d8%b9%d8%a7","title":{"rendered":"\u0643\u0648\u0644\u062c\u064a\u062a \u2013 \u062b\u0644\u0627\u062b\u064a \u0627\u0644\u0641\u0639\u0627\u0644\u064a\u0629 \u0644\u0646\u0638\u0627\u0641\u0629 \u0648\u0627\u0646\u062a\u0639\u0627\u0634 \u0623\u0642\u0648\u0649!"},"content":{"rendered":"<div style=\"background-color:#e6f7ff;padding:20px;border-radius:10px;font-family:'Arial', sans-serif;direction:rtl;text-align:right;max-width:600px;margin:auto;\">\n  <img decoding=\"async\" src=\"https:\/\/chat.openai.com\/mnt\/data\/A_digital_photograph_advertisement_displays_a_box_.png\" alt=\"Colgate \u00dc\u00e7l\u00fc Etki\" style=\"width:100%;border-radius:10px;margin-bottom:15px;\"><\/p>\n<h2 style=\"color:#cc0000;\">\u0643\u0648\u0644\u062c\u064a\u062a \u2013 \u062b\u0644\u0627\u062b\u064a \u0627\u0644\u0641\u0639\u0627\u0644\u064a\u0629 \u0644\u0646\u0638\u0627\u0641\u0629 \u0648\u0627\u0646\u062a\u0639\u0627\u0634 \u0623\u0642\u0648\u0649!<\/h2>\n<p style=\"font-size:16px;line-height:1.6;\">\n    \u0645\u0639\u062c\u0648\u0646 <strong>Colgate<\/strong> \u0645\u0627 \u0647\u0648\u0627\u0634 \u0639\u0627\u062f\u064a!<br \/>\n    \u064a\u062c\u0645\u0639 \u0628\u064a\u0646 3 \u0641\u0648\u0627\u0626\u062f \u0641\u064a \u0623\u0646\u0628\u0648\u0628 \u0648\u0627\u062d\u062f:<br \/>\n    <strong>1.<\/strong> \u064a\u062d\u0627\u0641\u0638 \u0639\u0644\u0649 \u0646\u0641\u0633 \u0645\u0646\u0639\u0634<br \/>\n    <strong>2.<\/strong> \u064a\u0642\u0648\u064a \u0627\u0644\u0623\u0633\u0646\u0627\u0646<br \/>\n    <strong>3.<\/strong> \u064a\u062d\u0645\u064a \u0627\u0644\u0644\u062b\u0629<\/p>\n<p>    \u062a\u0631\u0643\u064a\u0628\u0629 \u0645\u0648\u062b\u0648\u0642\u0629 \u0645\u0646 \u0623\u0641\u0636\u0644 \u0623\u0637\u0628\u0627\u0621 \u0627\u0644\u0623\u0633\u0646\u0627\u0646\u060c \u0648\u0645\u0639\u0631\u0648\u0641\u0629 \u0628\u0646\u0638\u0627\u0641\u062a\u0647\u0627 \u0648\u0627\u0646\u062a\u0639\u0627\u0634\u0647\u0627 \u0627\u0644\u0642\u0648\u064a.\n  <\/p>\n<p style=\"color:#006600;font-weight:bold;\">\n    \u0645\u062a\u0648\u0641\u0631 \u0627\u0644\u0622\u0646 \u0641\u064a <strong>\u0628\u064a\u062a \u0627\u0644\u0646\u0638\u0627\u0641\u0629 \u0648\u0627\u0644\u0639\u0637\u0648\u0631<\/strong> \u2013 \u0639\u0628\u0648\u0629 50 \u0645\u0644 \u0639\u0645\u0644\u064a\u0629 \u0648\u0645\u062b\u0627\u0644\u064a\u0629!\n  <\/p>\n<p>  <a href=\"https:\/\/wa.me\/0918980605\" style=\"display:inline-block;background-color:#25D366;color:white;padding:12px 20px;text-decoration:none;border-radius:8px;font-weight:bold;margin-top:10px;\"><br \/>\n    \u0627\u0637\u0644\u0628 \u0627\u0644\u0622\u0646 \u0639\u0628\u0631 \u0627\u0644\u0648\u0627\u062a\u0633\u0627\u0628<br \/>\n  <\/a>\n<\/div>\n","protected":false},"excerpt":{"rendered":"<div style=\"background-color:#e6f7ff;padding:20px;border-radius:10px;font-family:'Arial', sans-serif;direction:rtl;text-align:right;max-width:600px;margin:auto;\">\n  <img decoding=\"async\" src=\"https:\/\/chat.openai.com\/mnt\/data\/A_digital_photograph_advertisement_displays_a_box_.png\" alt=\"Colgate \u00dc\u00e7l\u00fc Etki\" style=\"width:100%;border-radius:10px;margin-bottom:15px;\"><\/p>\n<h2 style=\"color:#cc0000;\">\u0643\u0648\u0644\u062c\u064a\u062a \u2013 \u062b\u0644\u0627\u062b\u064a \u0627\u0644\u0641\u0639\u0627\u0644\u064a\u0629 \u0644\u0646\u0638\u0627\u0641\u0629 \u0648\u0627\u0646\u062a\u0639\u0627\u0634 \u0623\u0642\u0648\u0649!<\/h2>\n<p style=\"font-size:16px;line-height:1.6;\">\n    \u0645\u0639\u062c\u0648\u0646 <strong>Colgate<\/strong> \u0645\u0627 \u0647\u0648\u0627\u0634 \u0639\u0627\u062f\u064a!<br \/>\n    \u064a\u062c\u0645\u0639 \u0628\u064a\u0646 3 \u0641\u0648\u0627\u0626\u062f \u0641\u064a \u0623\u0646\u0628\u0648\u0628 \u0648\u0627\u062d\u062f:<br \/>\n    <strong>1.<\/strong> \u064a\u062d\u0627\u0641\u0638 \u0639\u0644\u0649 \u0646\u0641\u0633 \u0645\u0646\u0639\u0634<br \/>\n    <strong>2.<\/strong> \u064a\u0642\u0648\u064a \u0627\u0644\u0623\u0633\u0646\u0627\u0646<br \/>\n    <strong>3.<\/strong> \u064a\u062d\u0645\u064a \u0627\u0644\u0644\u062b\u0629<\/p>\n<p>    \u062a\u0631\u0643\u064a\u0628\u0629 \u0645\u0648\u062b\u0648\u0642\u0629 \u0645\u0646 \u0623\u0641\u0636\u0644 \u0623\u0637\u0628\u0627\u0621 \u0627\u0644\u0623\u0633\u0646\u0627\u0646\u060c \u0648\u0645\u0639\u0631\u0648\u0641\u0629 \u0628\u0646\u0638\u0627\u0641\u062a\u0647\u0627 \u0648\u0627\u0646\u062a\u0639\u0627\u0634\u0647\u0627 \u0627\u0644\u0642\u0648\u064a.\n  <\/p>\n<p style=\"color:#006600;font-weight:bold;\">\n    \u0645\u062a\u0648\u0641\u0631 \u0627\u0644\u0622\u0646 \u0641\u064a <strong>\u0628\u064a\u062a \u0627\u0644\u0646\u0638\u0627\u0641\u0629 \u0648\u0627\u0644\u0639\u0637\u0648\u0631<\/strong> \u2013 \u0639\u0628\u0648\u0629 50 \u0645\u0644 \u0639\u0645\u0644\u064a\u0629 \u0648\u0645\u062b\u0627\u0644\u064a\u0629!\n  <\/p>\n<p>  <a href=\"https:\/\/wa.me\/0918980605\" style=\"display:inline-block;background-color:#25D366;color:white;padding:12px 20px;text-decoration:none;border-radius:8px;font-weight:bold;margin-top:10px;\"><br \/>\n    \u0627\u0637\u0644\u0628 \u0627\u0644\u0622\u0646 \u0639\u0628\u0631 \u0627\u0644\u0648\u0627\u062a\u0633\u0627\u0628<br \/>\n  <\/a>\n<\/div>\n","protected":false},"featured_media":326,"comment_status":"open","ping_status":"closed","template":"","meta":{"advanced_seo_description":"","jetpack_seo_html_title":"","jetpack_seo_noindex":false},"product_brand":[],"product_cat":[17,128],"product_tag":[],"class_list":{"0":"post-325","1":"product","2":"type-product","3":"status-publish","4":"has-post-thumbnail","6":"product_cat-uncategorized","7":"product_cat-128","9":"first","10":"instock","11":"purchasable","12":"product-type-simple"},"jetpack_likes_enabled":true,"jetpack_sharing_enabled":true,"_links":{"self":[{"href":"https:\/\/beetclean.ly\/index.php?rest_route=\/wp\/v2\/product\/325","targetHints":{"allow":["GET"]}}],"collection":[{"href":"https:\/\/beetclean.ly\/index.php?rest_route=\/wp\/v2\/product"}],"about":[{"href":"https:\/\/beetclean.ly\/index.php?rest_route=\/wp\/v2\/types\/product"}],"replies":[{"embeddable":true,"href":"https:\/\/beetclean.ly\/index.php?rest_route=%2Fwp%2Fv2%2Fcomments&post=325"}],"wp:featuredmedia":[{"embeddable":true,"href":"https:\/\/beetclean.ly\/index.php?rest_route=\/wp\/v2\/media\/326"}],"wp:attachment":[{"href":"https:\/\/beetclean.ly\/index.php?rest_route=%2Fwp%2Fv2%2Fmedia&parent=325"}],"wp:term":[{"taxonomy":"product_brand","embeddable":true,"href":"https:\/\/beetclean.ly\/index.php?rest_route=%2Fwp%2Fv2%2Fproduct_brand&post=325"},{"taxonomy":"product_cat","embeddable":true,"href":"https:\/\/beetclean.ly\/index.php?rest_route=%2Fwp%2Fv2%2Fproduct_cat&post=325"},{"taxonomy":"product_tag","embeddable":true,"href":"https:\/\/beetclean.ly\/index.php?rest_route=%2Fwp%2Fv2%2Fproduct_tag&post=325"}],"curies":[{"name":"wp","href":"https:\/\/api.w.org\/{rel}","templated":true}]}}